{"id":28,"date":"2023-01-28T15:18:17","date_gmt":"2023-01-28T15:18:17","guid":{"rendered":"https:\/\/lsmedicalspainstitute.com\/?page_id=28"},"modified":"2023-02-04T02:01:33","modified_gmt":"2023-02-04T02:01:33","slug":"about","status":"publish","type":"page","link":"https:\/\/lsmedicalspainstitute.com\/es\/about\/","title":{"rendered":"Nosotros"},"content":{"rendered":"<div data-elementor-type=\"wp-page\" data-elementor-id=\"28\" class=\"elementor elementor-28\" data-elementor-post-type=\"page\">\n\t\t\t\t\t\t<section class=\"elementor-section elementor-top-section elementor-element elementor-element-9cb83d8 elementor-section-boxed elementor-section-height-default elementor-section-height-default\" data-id=\"9cb83d8\" data-element_type=\"section\">\n\t\t\t\t\t\t<div class=\"elementor-container elementor-column-gap-default\">\n\t\t\t\t\t<div class=\"elementor-column elementor-col-100 elementor-top-column elementor-element elementor-element-2bd02c2\" data-id=\"2bd02c2\" data-element_type=\"column\">\n\t\t\t<div class=\"elementor-widget-wrap elementor-element-populated\">\n\t\t\t\t\t\t<div class=\"elementor-element elementor-element-b34161d elementor-widget elementor-widget-spacer\" data-id=\"b34161d\" data-element_type=\"widget\" data-widget_type=\"spacer.default\">\n\t\t\t\t<div class=\"elementor-widget-container\">\n\t\t\t\t\t\t\t<div class=\"elementor-spacer\">\n\t\t\t<div class=\"elementor-spacer-inner\"><\/div>\n\t\t<\/div>\n\t\t\t\t\t\t<\/div>\n\t\t\t\t<\/div>\n\t\t\t\t\t<\/div>\n\t\t<\/div>\n\t\t\t\t\t<\/div>\n\t\t<\/section>\n\t\t\t\t<section class=\"elementor-section elementor-top-section elementor-element elementor-element-1a75afb elementor-section-boxed elementor-section-height-default elementor-section-height-default\" data-id=\"1a75afb\" data-element_type=\"section\">\n\t\t\t\t\t\t<div class=\"elementor-container elementor-column-gap-default\">\n\t\t\t\t\t<div class=\"elementor-column elementor-col-100 elementor-top-column elementor-element elementor-element-2c785f0\" data-id=\"2c785f0\" data-element_type=\"column\">\n\t\t\t<div class=\"elementor-widget-wrap elementor-element-populated\">\n\t\t\t\t\t\t<div class=\"elementor-element elementor-element-bb0331e elementor-widget elementor-widget-heading\" data-id=\"bb0331e\" data-element_type=\"widget\" data-widget_type=\"heading.default\">\n\t\t\t\t<div class=\"elementor-widget-container\">\n\t\t\t\t\t<h2 class=\"elementor-heading-title elementor-size-default\">Quienes somos<\/h2>\t\t\t\t<\/div>\n\t\t\t\t<\/div>\n\t\t\t\t<div class=\"elementor-element elementor-element-7c06be7 elementor-widget elementor-widget-text-editor\" data-id=\"7c06be7\" data-element_type=\"widget\" data-widget_type=\"text-editor.default\">\n\t\t\t\t<div class=\"elementor-widget-container\">\n\t\t\t\t\t\t\t\t\t<p>Somos un Centro Integral de Est\u00e9tica Facial y Corporal dedicado a mejorar y mantener la belleza del rostro y el cuerpo buscando la unificaci\u00f3n del concepto belleza-salud, a trav\u00e9s de productos de alta calidad en combinaci\u00f3n con equipos de \u00faltima generaci\u00f3n y lo \u00faltimo en t\u00e9cnicas manuales que hacen de \u00e9l un espacio \u00fanico de bienestar, donde la imagen toma un punto clave para conseguir el \u00e9xito tanto personal como profesional, ya que una buena imagen detona Belleza, Armon\u00eda y Salud. Contamos con personal altamente capacitado para cubrir cada una de las necesidades de nuestros clientes, basados \u200b\u200ben valores como la \u00c9tica, la Honestidad, el Respeto y el Servicio.<\/p>\t\t\t\t\t\t\t\t<\/div>\n\t\t\t\t<\/div>\n\t\t\t\t<div class=\"elementor-element elementor-element-9134468 elementor-widget elementor-widget-spacer\" data-id=\"9134468\" data-element_type=\"widget\" data-widget_type=\"spacer.default\">\n\t\t\t\t<div class=\"elementor-widget-container\">\n\t\t\t\t\t\t\t<div class=\"elementor-spacer\">\n\t\t\t<div class=\"elementor-spacer-inner\"><\/div>\n\t\t<\/div>\n\t\t\t\t\t\t<\/div>\n\t\t\t\t<\/div>\n\t\t\t\t\t<\/div>\n\t\t<\/div>\n\t\t\t\t\t<\/div>\n\t\t<\/section>\n\t\t\t\t<section class=\"elementor-section elementor-top-section elementor-element elementor-element-cfdf685 elementor-section-boxed elementor-section-height-default elementor-section-height-default\" data-id=\"cfdf685\" data-element_type=\"section\" data-settings=\"{&quot;background_background&quot;:&quot;classic&quot;}\">\n\t\t\t\t\t\t<div class=\"elementor-container elementor-column-gap-no\">\n\t\t\t\t\t<div class=\"elementor-column elementor-col-100 elementor-top-column elementor-element elementor-element-95f9144\" data-id=\"95f9144\" data-element_type=\"column\">\n\t\t\t<div class=\"elementor-widget-wrap elementor-element-populated\">\n\t\t\t\t\t\t<div class=\"elementor-element elementor-element-bfb6a45 elementor-widget elementor-widget-image\" data-id=\"bfb6a45\" data-element_type=\"widget\" data-widget_type=\"image.default\">\n\t\t\t\t<div class=\"elementor-widget-container\">\n\t\t\t\t\t\t\t\t\t\t\t\t\t\t\t<img fetchpriority=\"high\" decoding=\"async\" width=\"1024\" height=\"410\" src=\"https:\/\/lsmedicalspainstitute.com\/wp-content\/uploads\/2023\/02\/de5c62_243bee9d549c400bbd94c23d90a84dd6_mv2-1024x410.webp\" class=\"attachment-large size-large wp-image-947\" alt=\"\" srcset=\"https:\/\/lsmedicalspainstitute.com\/wp-content\/uploads\/2023\/02\/de5c62_243bee9d549c400bbd94c23d90a84dd6_mv2-1024x410.webp 1024w, https:\/\/lsmedicalspainstitute.com\/wp-content\/uploads\/2023\/02\/de5c62_243bee9d549c400bbd94c23d90a84dd6_mv2-300x120.webp 300w, https:\/\/lsmedicalspainstitute.com\/wp-content\/uploads\/2023\/02\/de5c62_243bee9d549c400bbd94c23d90a84dd6_mv2-768x308.webp 768w, https:\/\/lsmedicalspainstitute.com\/wp-content\/uploads\/2023\/02\/de5c62_243bee9d549c400bbd94c23d90a84dd6_mv2-600x240.webp 600w, https:\/\/lsmedicalspainstitute.com\/wp-content\/uploads\/2023\/02\/de5c62_243bee9d549c400bbd94c23d90a84dd6_mv2.webp 1136w\" sizes=\"(max-width: 1024px) 100vw, 1024px\" \/>\t\t\t\t\t\t\t\t\t\t\t\t\t\t\t<\/div>\n\t\t\t\t<\/div>\n\t\t\t\t\t<\/div>\n\t\t<\/div>\n\t\t\t\t\t<\/div>\n\t\t<\/section>\n\t\t\t\t<section class=\"elementor-section elementor-top-section elementor-element elementor-element-d6d3ba9 elementor-section-boxed elementor-section-height-default elementor-section-height-default\" data-id=\"d6d3ba9\" data-element_type=\"section\">\n\t\t\t\t\t\t<div class=\"elementor-container elementor-column-gap-default\">\n\t\t\t\t\t<div class=\"elementor-column elementor-col-100 elementor-top-column elementor-element elementor-element-c06f4dd\" data-id=\"c06f4dd\" data-element_type=\"column\">\n\t\t\t<div class=\"elementor-widget-wrap elementor-element-populated\">\n\t\t\t\t\t\t<div class=\"elementor-element elementor-element-93bcbd6 elementor-widget elementor-widget-spacer\" data-id=\"93bcbd6\" data-element_type=\"widget\" data-widget_type=\"spacer.default\">\n\t\t\t\t<div class=\"elementor-widget-container\">\n\t\t\t\t\t\t\t<div class=\"elementor-spacer\">\n\t\t\t<div class=\"elementor-spacer-inner\"><\/div>\n\t\t<\/div>\n\t\t\t\t\t\t<\/div>\n\t\t\t\t<\/div>\n\t\t\t\t<div class=\"elementor-element elementor-element-4602f8a elementor-widget elementor-widget-heading\" data-id=\"4602f8a\" data-element_type=\"widget\" data-widget_type=\"heading.default\">\n\t\t\t\t<div class=\"elementor-widget-container\">\n\t\t\t\t\t<h2 class=\"elementor-heading-title elementor-size-default\">NUESTRA MISI\u00d3N<\/h2>\t\t\t\t<\/div>\n\t\t\t\t<\/div>\n\t\t\t\t<div class=\"elementor-element elementor-element-884cfa1 elementor-widget elementor-widget-text-editor\" data-id=\"884cfa1\" data-element_type=\"widget\" data-widget_type=\"text-editor.default\">\n\t\t\t\t<div class=\"elementor-widget-container\">\n\t\t\t\t\t\t\t\t\t<p class=\"font_8\">Nuestra prioridad es ofrecer un servicio profesional y mostrar resultados reales.<\/p><p class=\"font_8\">Nos proyectamos con un incremento paulatino y significativo de nuestros clientes, alianzas estrat\u00e9gicas con reconocidos cirujanos est\u00e9ticos y otros profesionales de la salud y la belleza. Crear un reconocimiento establecido y liderar como ejemplo de \u00e9tica, organizaci\u00f3n, servicio, tecnolog\u00eda y compromiso presente en cada uno de los servicios que brindamos al cliente.<\/p>\t\t\t\t\t\t\t\t<\/div>\n\t\t\t\t<\/div>\n\t\t\t\t<div class=\"elementor-element elementor-element-9b7891e elementor-widget elementor-widget-spacer\" data-id=\"9b7891e\" data-element_type=\"widget\" data-widget_type=\"spacer.default\">\n\t\t\t\t<div class=\"elementor-widget-container\">\n\t\t\t\t\t\t\t<div class=\"elementor-spacer\">\n\t\t\t<div class=\"elementor-spacer-inner\"><\/div>\n\t\t<\/div>\n\t\t\t\t\t\t<\/div>\n\t\t\t\t<\/div>\n\t\t\t\t\t<\/div>\n\t\t<\/div>\n\t\t\t\t\t<\/div>\n\t\t<\/section>\n\t\t\t\t<\/div>","protected":false},"excerpt":{"rendered":"<p>Who we are We are an Integral Center of Facial and Body Aesthetics dedicated to improve and maintain the beauty of the face and body looking for the unification of the beauty-health concept, through high quality products in combination with state-of-the-art equipment and the latest in manual techniques which that makes a unique space of &hellip;<\/p>\n<p class=\"read-more\"> <a class=\"\" href=\"https:\/\/lsmedicalspainstitute.com\/es\/about\/\"> <span class=\"screen-reader-text\">Nosotros<\/span> Leer m\u00e1s &raquo;<\/a><\/p>","protected":false},"author":1,"featured_media":0,"parent":0,"menu_order":0,"comment_status":"closed","ping_status":"closed","template":"","meta":{"site-sidebar-layout":"no-sidebar","site-content-layout":"page-builder","ast-global-header-display":"","ast-main-header-display":"","ast-hfb-above-header-display":"","ast-hfb-below-header-display":"","ast-hfb-mobile-header-display":"","site-post-title":"disabled","ast-breadcrumbs-content":"","ast-featured-img":"disabled","footer-sml-layout":"","theme-transparent-header-meta":"","adv-header-id-meta":"","stick-header-meta":"","header-above-stick-meta":"","header-main-stick-meta":"","header-below-stick-meta":"","footnotes":""},"class_list":["post-28","page","type-page","status-publish","hentry"],"_links":{"self":[{"href":"https:\/\/lsmedicalspainstitute.com\/es\/wp-json\/wp\/v2\/pages\/28"}],"collection":[{"href":"https:\/\/lsmedicalspainstitute.com\/es\/wp-json\/wp\/v2\/pages"}],"about":[{"href":"https:\/\/lsmedicalspainstitute.com\/es\/wp-json\/wp\/v2\/types\/page"}],"author":[{"embeddable":true,"href":"https:\/\/lsmedicalspainstitute.com\/es\/wp-json\/wp\/v2\/users\/1"}],"replies":[{"embeddable":true,"href":"https:\/\/lsmedicalspainstitute.com\/es\/wp-json\/wp\/v2\/comments?post=28"}],"version-history":[{"count":10,"href":"https:\/\/lsmedicalspainstitute.com\/es\/wp-json\/wp\/v2\/pages\/28\/revisions"}],"predecessor-version":[{"id":956,"href":"https:\/\/lsmedicalspainstitute.com\/es\/wp-json\/wp\/v2\/pages\/28\/revisions\/956"}],"wp:attachment":[{"href":"https:\/\/lsmedicalspainstitute.com\/es\/wp-json\/wp\/v2\/media?parent=28"}],"curies":[{"name":"wp","href":"https:\/\/api.w.org\/{rel}","templated":true}]}}