{"id":556,"date":"2023-02-01T15:29:45","date_gmt":"2023-02-01T15:29:45","guid":{"rendered":"https:\/\/lsmedicalspainstitute.com\/?page_id=556"},"modified":"2026-03-25T14:09:55","modified_gmt":"2026-03-25T14:09:55","slug":"in-person-appointment","status":"publish","type":"page","link":"https:\/\/lsmedicalspainstitute.com\/es\/in-person-appointment\/","title":{"rendered":"IN-PERSON APPOINTMENT"},"content":{"rendered":"<div data-elementor-type=\"wp-page\" data-elementor-id=\"556\" class=\"elementor elementor-556\" data-elementor-post-type=\"page\">\n\t\t\t\t\t\t<section class=\"elementor-section elementor-top-section elementor-element elementor-element-7b5cf7f elementor-section-boxed elementor-section-height-default elementor-section-height-default\" data-id=\"7b5cf7f\" data-element_type=\"section\">\n\t\t\t\t\t\t<div class=\"elementor-container elementor-column-gap-default\">\n\t\t\t\t\t<div class=\"elementor-column elementor-col-100 elementor-top-column elementor-element elementor-element-cdd65a8\" data-id=\"cdd65a8\" data-element_type=\"column\">\n\t\t\t<div class=\"elementor-widget-wrap\">\n\t\t\t\t\t\t\t<\/div>\n\t\t<\/div>\n\t\t\t\t\t<\/div>\n\t\t<\/section>\n\t\t\t\t<section class=\"elementor-section elementor-top-section elementor-element elementor-element-5327700 elementor-section-boxed elementor-section-height-default elementor-section-height-default\" data-id=\"5327700\" data-element_type=\"section\">\n\t\t\t\t\t\t<div class=\"elementor-container elementor-column-gap-default\">\n\t\t\t\t\t<div class=\"elementor-column elementor-col-100 elementor-top-column elementor-element elementor-element-6e89be6\" data-id=\"6e89be6\" data-element_type=\"column\">\n\t\t\t<div class=\"elementor-widget-wrap elementor-element-populated\">\n\t\t\t\t\t\t<div class=\"elementor-element elementor-element-0b2ee94 elementor-widget elementor-widget-spacer\" data-id=\"0b2ee94\" data-element_type=\"widget\" data-widget_type=\"spacer.default\">\n\t\t\t\t<div class=\"elementor-widget-container\">\n\t\t\t\t\t\t\t<div class=\"elementor-spacer\">\n\t\t\t<div class=\"elementor-spacer-inner\"><\/div>\n\t\t<\/div>\n\t\t\t\t\t\t<\/div>\n\t\t\t\t<\/div>\n\t\t\t\t\t<\/div>\n\t\t<\/div>\n\t\t\t\t\t<\/div>\n\t\t<\/section>\n\t\t\t\t<section class=\"elementor-section elementor-top-section elementor-element elementor-element-0a42898 elementor-section-boxed elementor-section-height-default elementor-section-height-default\" data-id=\"0a42898\" data-element_type=\"section\">\n\t\t\t\t\t\t<div class=\"elementor-container elementor-column-gap-default\">\n\t\t\t\t\t<div class=\"elementor-column elementor-col-100 elementor-top-column elementor-element elementor-element-b753242\" data-id=\"b753242\" data-element_type=\"column\">\n\t\t\t<div class=\"elementor-widget-wrap elementor-element-populated\">\n\t\t\t\t\t\t<div class=\"elementor-element elementor-element-e7f4166 elementor-widget elementor-widget-text-editor\" data-id=\"e7f4166\" data-element_type=\"widget\" data-widget_type=\"text-editor.default\">\n\t\t\t\t<div class=\"elementor-widget-container\">\n\t\t\t\t\t\t\t\t\t<h2><strong>NUESTRA CITA PERSONALIZADA<\/strong><\/h2>\t\t\t\t\t\t\t\t<\/div>\n\t\t\t\t<\/div>\n\t\t\t\t<div class=\"elementor-element elementor-element-9c7640a elementor-widget elementor-widget-spacer\" data-id=\"9c7640a\" data-element_type=\"widget\" data-widget_type=\"spacer.default\">\n\t\t\t\t<div class=\"elementor-widget-container\">\n\t\t\t\t\t\t\t<div class=\"elementor-spacer\">\n\t\t\t<div class=\"elementor-spacer-inner\"><\/div>\n\t\t<\/div>\n\t\t\t\t\t\t<\/div>\n\t\t\t\t<\/div>\n\t\t\t\t<div class=\"elementor-element elementor-element-f87856b elementor-widget elementor-widget-heading\" data-id=\"f87856b\" data-element_type=\"widget\" data-widget_type=\"heading.default\">\n\t\t\t\t<div class=\"elementor-widget-container\">\n\t\t\t\t\t<h2 class=\"elementor-heading-title elementor-size-default\">NUESTRA CITA PERSONALIZADA<\/h2>\t\t\t\t<\/div>\n\t\t\t\t<\/div>\n\t\t\t\t<div class=\"elementor-element elementor-element-51d2d86 elementor-widget elementor-widget-text-editor\" data-id=\"51d2d86\" data-element_type=\"widget\" data-widget_type=\"text-editor.default\">\n\t\t\t\t<div class=\"elementor-widget-container\">\n\t\t\t\t\t\t\t\t\t<p class=\"\">En las consultas personalizadas nos enfocamos en cada paciente, escuch\u00e1ndolo y aprendiendo de su historial y consecuentemente poder entrar en un proceso de recuperaci\u00f3n a trav\u00e9s de la identificaci\u00f3n y tratamiento de sus necesidades \u00fanicas. Una talla no sirve para todos, es por eso que nuestra misi\u00f3n es brindar la m\u00e1s alta calidad individualizada para cada uno de nuestros pacientes y as\u00ed crear una vida saludable con vitalidad y sensaci\u00f3n de bienestar.<\/p><p>\u00a0<\/p><h2>LA HORA DE TRABAJAR <br \/>JUNTOS HA LLEGADO<\/h2>\t\t\t\t\t\t\t\t<\/div>\n\t\t\t\t<\/div>\n\t\t\t\t<div class=\"elementor-element elementor-element-0665bc0 elementor-align-justify elementor-widget elementor-widget-button\" data-id=\"0665bc0\" data-element_type=\"widget\" data-widget_type=\"button.default\">\n\t\t\t\t<div class=\"elementor-widget-container\">\n\t\t\t\t\t\t\t\t\t<div class=\"elementor-button-wrapper\">\n\t\t\t\t\t<a class=\"elementor-button elementor-button-link elementor-size-sm\" href=\"https:\/\/api.whatsapp.com\/send\/?phone=14078444138&#038;text&#038;type=phone_number&#038;app_absent=0\">\n\t\t\t\t\t\t<span class=\"elementor-button-content-wrapper\">\n\t\t\t\t\t\t\t\t\t<span class=\"elementor-button-text\">Agenda ahora<\/span>\n\t\t\t\t\t<\/span>\n\t\t\t\t\t<\/a>\n\t\t\t\t<\/div>\n\t\t\t\t\t\t\t\t<\/div>\n\t\t\t\t<\/div>\n\t\t\t\t<div class=\"elementor-element elementor-element-2744e3f elementor-widget elementor-widget-spacer\" data-id=\"2744e3f\" data-element_type=\"widget\" data-widget_type=\"spacer.default\">\n\t\t\t\t<div class=\"elementor-widget-container\">\n\t\t\t\t\t\t\t<div class=\"elementor-spacer\">\n\t\t\t<div class=\"elementor-spacer-inner\"><\/div>\n\t\t<\/div>\n\t\t\t\t\t\t<\/div>\n\t\t\t\t<\/div>\n\t\t\t\t\t<\/div>\n\t\t<\/div>\n\t\t\t\t\t<\/div>\n\t\t<\/section>\n\t\t\t\t<\/div>","protected":false},"excerpt":{"rendered":"<p>OUR PERSONALIZED APPOINMENT Service Description In personalized consultations we focus on each patient, listening to them and learning from their history and consequently being able to enter a recovery process through the identification and treatment of their unique needs. One size does not fit all, that is why our mission is to provide the highest &hellip;<\/p>\n<p class=\"read-more\"> <a class=\"\" href=\"https:\/\/lsmedicalspainstitute.com\/es\/in-person-appointment\/\"> <span class=\"screen-reader-text\">IN-PERSON APPOINTMENT<\/span> Leer m\u00e1s &raquo;<\/a><\/p>","protected":false},"author":1,"featured_media":0,"parent":0,"menu_order":0,"comment_status":"closed","ping_status":"closed","template":"","meta":{"site-sidebar-layout":"no-sidebar","site-content-layout":"page-builder","ast-global-header-display":"","ast-main-header-display":"","ast-hfb-above-header-display":"","ast-hfb-below-header-display":"","ast-hfb-mobile-header-display":"","site-post-title":"disabled","ast-breadcrumbs-content":"","ast-featured-img":"disabled","footer-sml-layout":"","theme-transparent-header-meta":"","adv-header-id-meta":"","stick-header-meta":"","header-above-stick-meta":"","header-main-stick-meta":"","header-below-stick-meta":"","footnotes":""},"class_list":["post-556","page","type-page","status-publish","hentry"],"_links":{"self":[{"href":"https:\/\/lsmedicalspainstitute.com\/es\/wp-json\/wp\/v2\/pages\/556"}],"collection":[{"href":"https:\/\/lsmedicalspainstitute.com\/es\/wp-json\/wp\/v2\/pages"}],"about":[{"href":"https:\/\/lsmedicalspainstitute.com\/es\/wp-json\/wp\/v2\/types\/page"}],"author":[{"embeddable":true,"href":"https:\/\/lsmedicalspainstitute.com\/es\/wp-json\/wp\/v2\/users\/1"}],"replies":[{"embeddable":true,"href":"https:\/\/lsmedicalspainstitute.com\/es\/wp-json\/wp\/v2\/comments?post=556"}],"version-history":[{"count":13,"href":"https:\/\/lsmedicalspainstitute.com\/es\/wp-json\/wp\/v2\/pages\/556\/revisions"}],"predecessor-version":[{"id":2226,"href":"https:\/\/lsmedicalspainstitute.com\/es\/wp-json\/wp\/v2\/pages\/556\/revisions\/2226"}],"wp:attachment":[{"href":"https:\/\/lsmedicalspainstitute.com\/es\/wp-json\/wp\/v2\/media?parent=556"}],"curies":[{"name":"wp","href":"https:\/\/api.w.org\/{rel}","templated":true}]}}