{"id":566,"date":"2023-02-01T17:52:11","date_gmt":"2023-02-01T17:52:11","guid":{"rendered":"https:\/\/lsmedicalspainstitute.com\/?page_id=566"},"modified":"2026-03-25T14:11:10","modified_gmt":"2026-03-25T14:11:10","slug":"our-online-appointments-2","status":"publish","type":"page","link":"https:\/\/lsmedicalspainstitute.com\/es\/our-online-appointments-2\/","title":{"rendered":"PLAN PLUS"},"content":{"rendered":"<div data-elementor-type=\"wp-page\" data-elementor-id=\"566\" class=\"elementor elementor-566\" data-elementor-post-type=\"page\">\n\t\t\t\t\t\t<section class=\"elementor-section elementor-top-section elementor-element elementor-element-7b5cf7f elementor-section-boxed elementor-section-height-default elementor-section-height-default\" data-id=\"7b5cf7f\" data-element_type=\"section\">\n\t\t\t\t\t\t<div class=\"elementor-container elementor-column-gap-default\">\n\t\t\t\t\t<div class=\"elementor-column elementor-col-100 elementor-top-column elementor-element elementor-element-cdd65a8\" data-id=\"cdd65a8\" data-element_type=\"column\">\n\t\t\t<div class=\"elementor-widget-wrap\">\n\t\t\t\t\t\t\t<\/div>\n\t\t<\/div>\n\t\t\t\t\t<\/div>\n\t\t<\/section>\n\t\t\t\t<section class=\"elementor-section elementor-top-section elementor-element elementor-element-5327700 elementor-section-boxed elementor-section-height-default elementor-section-height-default\" data-id=\"5327700\" data-element_type=\"section\">\n\t\t\t\t\t\t<div class=\"elementor-container elementor-column-gap-default\">\n\t\t\t\t\t<div class=\"elementor-column elementor-col-100 elementor-top-column elementor-element elementor-element-6e89be6\" data-id=\"6e89be6\" data-element_type=\"column\">\n\t\t\t<div class=\"elementor-widget-wrap elementor-element-populated\">\n\t\t\t\t\t\t<div class=\"elementor-element elementor-element-0b2ee94 elementor-widget elementor-widget-spacer\" data-id=\"0b2ee94\" data-element_type=\"widget\" data-widget_type=\"spacer.default\">\n\t\t\t\t<div class=\"elementor-widget-container\">\n\t\t\t\t\t\t\t<div class=\"elementor-spacer\">\n\t\t\t<div class=\"elementor-spacer-inner\"><\/div>\n\t\t<\/div>\n\t\t\t\t\t\t<\/div>\n\t\t\t\t<\/div>\n\t\t\t\t<div class=\"elementor-element elementor-element-6b7192d elementor-widget elementor-widget-heading\" data-id=\"6b7192d\" data-element_type=\"widget\" data-widget_type=\"heading.default\">\n\t\t\t\t<div class=\"elementor-widget-container\">\n\t\t\t\t\t<h2 class=\"elementor-heading-title elementor-size-default\">Nuestros Planes Nutricionales<\/h2>\t\t\t\t<\/div>\n\t\t\t\t<\/div>\n\t\t\t\t\t<\/div>\n\t\t<\/div>\n\t\t\t\t\t<\/div>\n\t\t<\/section>\n\t\t\t\t<section class=\"elementor-section elementor-inner-section elementor-element elementor-element-ae59a61 elementor-section-boxed elementor-section-height-default elementor-section-height-default\" data-id=\"ae59a61\" data-element_type=\"section\">\n\t\t\t\t\t\t<div class=\"elementor-container elementor-column-gap-no\">\n\t\t\t\t\t<div class=\"elementor-column elementor-col-33 elementor-inner-column elementor-element elementor-element-556e14d4\" data-id=\"556e14d4\" data-element_type=\"column\">\n\t\t\t<div class=\"elementor-widget-wrap elementor-element-populated\">\n\t\t\t\t\t\t<div class=\"elementor-element elementor-element-22b11e7f elementor-align-justify elementor-mobile-align-justify elementor-widget elementor-widget-button\" data-id=\"22b11e7f\" data-element_type=\"widget\" data-widget_type=\"button.default\">\n\t\t\t\t<div class=\"elementor-widget-container\">\n\t\t\t\t\t\t\t\t\t<div class=\"elementor-button-wrapper\">\n\t\t\t\t\t<a class=\"elementor-button elementor-button-link elementor-size-xs\" href=\"https:\/\/lsmedicalspainstitute.com\/es\/our-online-appointments\/\">\n\t\t\t\t\t\t<span class=\"elementor-button-content-wrapper\">\n\t\t\t\t\t\t\t\t\t<span class=\"elementor-button-text\">Plan basico<\/span>\n\t\t\t\t\t<\/span>\n\t\t\t\t\t<\/a>\n\t\t\t\t<\/div>\n\t\t\t\t\t\t\t\t<\/div>\n\t\t\t\t<\/div>\n\t\t\t\t\t<\/div>\n\t\t<\/div>\n\t\t\t\t<div class=\"elementor-column elementor-col-33 elementor-inner-column elementor-element elementor-element-610ac139\" data-id=\"610ac139\" data-element_type=\"column\">\n\t\t\t<div class=\"elementor-widget-wrap elementor-element-populated\">\n\t\t\t\t\t\t<div class=\"elementor-element elementor-element-4be1678c elementor-align-justify elementor-mobile-align-justify elementor-widget elementor-widget-button\" data-id=\"4be1678c\" data-element_type=\"widget\" data-widget_type=\"button.default\">\n\t\t\t\t<div class=\"elementor-widget-container\">\n\t\t\t\t\t\t\t\t\t<div class=\"elementor-button-wrapper\">\n\t\t\t\t\t<a class=\"elementor-button elementor-button-link elementor-size-xs\" href=\"https:\/\/lsmedicalspainstitute.com\/es\/our-online-appointments-2\/\">\n\t\t\t\t\t\t<span class=\"elementor-button-content-wrapper\">\n\t\t\t\t\t\t\t\t\t<span class=\"elementor-button-text\">Plan plus<\/span>\n\t\t\t\t\t<\/span>\n\t\t\t\t\t<\/a>\n\t\t\t\t<\/div>\n\t\t\t\t\t\t\t\t<\/div>\n\t\t\t\t<\/div>\n\t\t\t\t\t<\/div>\n\t\t<\/div>\n\t\t\t\t<div class=\"elementor-column elementor-col-33 elementor-inner-column elementor-element elementor-element-2ff9c5d1\" data-id=\"2ff9c5d1\" data-element_type=\"column\">\n\t\t\t<div class=\"elementor-widget-wrap elementor-element-populated\">\n\t\t\t\t\t\t<div class=\"elementor-element elementor-element-5a03d3ff elementor-align-justify elementor-mobile-align-justify elementor-widget elementor-widget-button\" data-id=\"5a03d3ff\" data-element_type=\"widget\" data-widget_type=\"button.default\">\n\t\t\t\t<div class=\"elementor-widget-container\">\n\t\t\t\t\t\t\t\t\t<div class=\"elementor-button-wrapper\">\n\t\t\t\t\t<a class=\"elementor-button elementor-button-link elementor-size-xs\" href=\"https:\/\/lsmedicalspainstitute.com\/es\/our-online-appointments-3\/\">\n\t\t\t\t\t\t<span class=\"elementor-button-content-wrapper\">\n\t\t\t\t\t\t\t\t\t<span class=\"elementor-button-text\">Plan premium<\/span>\n\t\t\t\t\t<\/span>\n\t\t\t\t\t<\/a>\n\t\t\t\t<\/div>\n\t\t\t\t\t\t\t\t<\/div>\n\t\t\t\t<\/div>\n\t\t\t\t\t<\/div>\n\t\t<\/div>\n\t\t\t\t\t<\/div>\n\t\t<\/section>\n\t\t\t\t<section class=\"elementor-section elementor-top-section elementor-element elementor-element-0a42898 elementor-section-boxed elementor-section-height-default elementor-section-height-default\" data-id=\"0a42898\" data-element_type=\"section\">\n\t\t\t\t\t\t<div class=\"elementor-container elementor-column-gap-default\">\n\t\t\t\t\t<div class=\"elementor-column elementor-col-100 elementor-top-column elementor-element elementor-element-b753242\" data-id=\"b753242\" data-element_type=\"column\">\n\t\t\t<div class=\"elementor-widget-wrap elementor-element-populated\">\n\t\t\t\t\t\t<div class=\"elementor-element elementor-element-e6174f7 elementor-widget-divider--view-line elementor-widget elementor-widget-divider\" data-id=\"e6174f7\" data-element_type=\"widget\" data-widget_type=\"divider.default\">\n\t\t\t\t<div class=\"elementor-widget-container\">\n\t\t\t\t\t\t\t<div class=\"elementor-divider\">\n\t\t\t<span class=\"elementor-divider-separator\">\n\t\t\t\t\t\t<\/span>\n\t\t<\/div>\n\t\t\t\t\t\t<\/div>\n\t\t\t\t<\/div>\n\t\t\t\t<div class=\"elementor-element elementor-element-e7f4166 elementor-widget elementor-widget-text-editor\" data-id=\"e7f4166\" data-element_type=\"widget\" data-widget_type=\"text-editor.default\">\n\t\t\t\t<div class=\"elementor-widget-container\">\n\t\t\t\t\t\t\t\t\t<div id=\"block-21a08f06fd6d0ac4cec3\" class=\"sqs-block code-block sqs-block-code\" data-block-type=\"23\"><div class=\"sqs-block-content\"><h1>PLAN PLUS<\/h1><\/div><\/div>\t\t\t\t\t\t\t\t<\/div>\n\t\t\t\t<\/div>\n\t\t\t\t<div class=\"elementor-element elementor-element-9c7640a elementor-widget elementor-widget-spacer\" data-id=\"9c7640a\" data-element_type=\"widget\" data-widget_type=\"spacer.default\">\n\t\t\t\t<div class=\"elementor-widget-container\">\n\t\t\t\t\t\t\t<div class=\"elementor-spacer\">\n\t\t\t<div class=\"elementor-spacer-inner\"><\/div>\n\t\t<\/div>\n\t\t\t\t\t\t<\/div>\n\t\t\t\t<\/div>\n\t\t\t\t<div class=\"elementor-element elementor-element-f87856b elementor-widget elementor-widget-heading\" data-id=\"f87856b\" data-element_type=\"widget\" data-widget_type=\"heading.default\">\n\t\t\t\t<div class=\"elementor-widget-container\">\n\t\t\t\t\t<h2 class=\"elementor-heading-title elementor-size-default\">NUESTRA CITA PERSONALIZADA<\/h2>\t\t\t\t<\/div>\n\t\t\t\t<\/div>\n\t\t\t\t<div class=\"elementor-element elementor-element-51d2d86 elementor-widget elementor-widget-text-editor\" data-id=\"51d2d86\" data-element_type=\"widget\" data-widget_type=\"text-editor.default\">\n\t\t\t\t<div class=\"elementor-widget-container\">\n\t\t\t\t\t\t\t\t\t<div id=\"block-c4fd3cba9ace792d9e5f\" class=\"sqs-block code-block sqs-block-code\" data-block-type=\"23\">\n<div class=\"sqs-block-content\">\n<p><b>**Duraci\u00f3n del plan: 1 MES,<br>TOTAL: 5 consultas (citas entre 7-9 d\u00edas)<\/b><\/p>\n<p><u>INCLUYE:<\/u><br><b>\u2022 UNA (1) evaluaci\u00f3n nutricional presencial&nbsp;<\/b>por videollamada (Zoom, FaceTime, WhatsApp) con una duraci\u00f3n de UNA (1) HORA, donde hablaremos sobre tus objetivos y necesidades particulares, para luego brindarte toda la informaci\u00f3n necesaria que te ayudar\u00e1 a cambiar tus h\u00e1bitos alimenticios de forma permanente.<\/p>\n<\/div>\n<\/div>\n<div id=\"block-e940f991b515a467d7f5\" class=\"sqs-block horizontalrule-block sqs-block-horizontalrule\" data-block-type=\"47\"><b>\u2022 CUATRO (4) controles sucesivos,<\/b>&nbsp;, que se realizar\u00e1 7-9 d\u00edas entre cada cita, tambi\u00e9n a trav\u00e9s de una videollamada con una duraci\u00f3n de TREINTA MINUTOS (30 min) donde estaremos evaluando tu evoluci\u00f3n y realizando los cambios necesarios en el plan de alimentaci\u00f3n para conseguir el objetivo planteado .<\/div>\n<div data-block-type=\"47\"><b>\u2022 En cada consulta te enviaremos un Plan de Alimentaci\u00f3n para siete d\u00edas&nbsp;<\/b>(lunes a domingo) con todas las comidas detalladas, porciones y recetas si es necesario. Todo 100% adaptado a tus gustos, preferencias, necesidades, y si tienes alguna patolog\u00eda de base (por ejemplo: diabetes, hipertensi\u00f3n).<\/div>\n<div data-block-type=\"47\"><b>\u2022 Consultas directas v\u00eda WhatsApp<\/b>&nbsp;con un nutricionista del equipo de LS Medical Spa &amp; Institute.<\/div>\n<div data-block-type=\"47\"><b>\u2022 Material educativo y\/o de apoyo:<\/b><br>\u2013 Manual de c\u00f3mo elegir productos en el supermercado, las caracter\u00edsticas ideales y mis productos favoritos.<br>\u2013 Manual sobre c\u00f3mo aprender a leer las etiquetas nutricionales y as\u00ed saber reconocer los mejores productos.<br>\u2013 Listado de suced\u00e1neos de alimentos, para reconocer los alimentos por grupos y conseguir una mayor variabilidad en tu men\u00fa.<br>\u2013 Un recetario de t\u00e9s e infusiones.<br>&#8211; Educational Videos.<\/div>\n<div data-block-type=\"47\">NOTA: este plan tiene una duraci\u00f3n de 1 MES<\/div>\t\t\t\t\t\t\t\t<\/div>\n\t\t\t\t<\/div>\n\t\t\t\t<div class=\"elementor-element elementor-element-0665bc0 elementor-align-justify elementor-widget elementor-widget-button\" data-id=\"0665bc0\" data-element_type=\"widget\" data-widget_type=\"button.default\">\n\t\t\t\t<div class=\"elementor-widget-container\">\n\t\t\t\t\t\t\t\t\t<div class=\"elementor-button-wrapper\">\n\t\t\t\t\t<a class=\"elementor-button elementor-button-link elementor-size-sm\" href=\"https:\/\/api.whatsapp.com\/send\/?phone=14078444138&#038;text&#038;type=phone_number&#038;app_absent=0\">\n\t\t\t\t\t\t<span class=\"elementor-button-content-wrapper\">\n\t\t\t\t\t\t<span class=\"elementor-button-icon\">\n\t\t\t\t<i aria-hidden=\"true\" class=\"far fa-calendar-alt\"><\/i>\t\t\t<\/span>\n\t\t\t\t\t\t\t\t\t<span class=\"elementor-button-text\">Agenda ahora<\/span>\n\t\t\t\t\t<\/span>\n\t\t\t\t\t<\/a>\n\t\t\t\t<\/div>\n\t\t\t\t\t\t\t\t<\/div>\n\t\t\t\t<\/div>\n\t\t\t\t<div class=\"elementor-element elementor-element-5eabfbe elementor-widget elementor-widget-spacer\" data-id=\"5eabfbe\" data-element_type=\"widget\" data-widget_type=\"spacer.default\">\n\t\t\t\t<div class=\"elementor-widget-container\">\n\t\t\t\t\t\t\t<div class=\"elementor-spacer\">\n\t\t\t<div class=\"elementor-spacer-inner\"><\/div>\n\t\t<\/div>\n\t\t\t\t\t\t<\/div>\n\t\t\t\t<\/div>\n\t\t\t\t\t<\/div>\n\t\t<\/div>\n\t\t\t\t\t<\/div>\n\t\t<\/section>\n\t\t\t\t<\/div>","protected":false},"excerpt":{"rendered":"<p>Our Nutrition Plans Basic Plan Plus Plan Premium Plan PLUS PLAN Service Description **Duration of the plan: 1 MONTH,TOTAL: 5 consultations (appointments between 7-9 days) INCLUDES:\u2022 ONE (1) face-to-face nutritional evaluation&nbsp;by video call (Zoom, FaceTime, WhatsApp) with a duration of ONE (1) HOUR, where we will talk about your objectives and particular needs, to then &hellip;<\/p>\n<p class=\"read-more\"> <a class=\"\" href=\"https:\/\/lsmedicalspainstitute.com\/es\/our-online-appointments-2\/\"> <span class=\"screen-reader-text\">PLAN PLUS<\/span> Leer m\u00e1s &raquo;<\/a><\/p>","protected":false},"author":1,"featured_media":0,"parent":0,"menu_order":0,"comment_status":"closed","ping_status":"closed","template":"","meta":{"site-sidebar-layout":"no-sidebar","site-content-layout":"page-builder","ast-global-header-display":"","ast-main-header-display":"","ast-hfb-above-header-display":"","ast-hfb-below-header-display":"","ast-hfb-mobile-header-display":"","site-post-title":"disabled","ast-breadcrumbs-content":"","ast-featured-img":"disabled","footer-sml-layout":"","theme-transparent-header-meta":"","adv-header-id-meta":"","stick-header-meta":"","header-above-stick-meta":"","header-main-stick-meta":"","header-below-stick-meta":"","footnotes":""},"class_list":["post-566","page","type-page","status-publish","hentry"],"_links":{"self":[{"href":"https:\/\/lsmedicalspainstitute.com\/es\/wp-json\/wp\/v2\/pages\/566"}],"collection":[{"href":"https:\/\/lsmedicalspainstitute.com\/es\/wp-json\/wp\/v2\/pages"}],"about":[{"href":"https:\/\/lsmedicalspainstitute.com\/es\/wp-json\/wp\/v2\/types\/page"}],"author":[{"embeddable":true,"href":"https:\/\/lsmedicalspainstitute.com\/es\/wp-json\/wp\/v2\/users\/1"}],"replies":[{"embeddable":true,"href":"https:\/\/lsmedicalspainstitute.com\/es\/wp-json\/wp\/v2\/comments?post=566"}],"version-history":[{"count":22,"href":"https:\/\/lsmedicalspainstitute.com\/es\/wp-json\/wp\/v2\/pages\/566\/revisions"}],"predecessor-version":[{"id":2232,"href":"https:\/\/lsmedicalspainstitute.com\/es\/wp-json\/wp\/v2\/pages\/566\/revisions\/2232"}],"wp:attachment":[{"href":"https:\/\/lsmedicalspainstitute.com\/es\/wp-json\/wp\/v2\/media?parent=566"}],"curies":[{"name":"wp","href":"https:\/\/api.w.org\/{rel}","templated":true}]}}