{"id":570,"date":"2023-02-01T17:57:25","date_gmt":"2023-02-01T17:57:25","guid":{"rendered":"https:\/\/lsmedicalspainstitute.com\/?page_id=570"},"modified":"2026-03-25T14:10:38","modified_gmt":"2026-03-25T14:10:38","slug":"our-online-appointments-3","status":"publish","type":"page","link":"https:\/\/lsmedicalspainstitute.com\/es\/our-online-appointments-3\/","title":{"rendered":"PLAN PREMIUM"},"content":{"rendered":"<div data-elementor-type=\"wp-page\" data-elementor-id=\"570\" class=\"elementor elementor-570\" data-elementor-post-type=\"page\">\n\t\t\t\t\t\t<section class=\"elementor-section elementor-top-section elementor-element elementor-element-7b5cf7f elementor-section-boxed elementor-section-height-default elementor-section-height-default\" data-id=\"7b5cf7f\" data-element_type=\"section\">\n\t\t\t\t\t\t<div class=\"elementor-container elementor-column-gap-default\">\n\t\t\t\t\t<div class=\"elementor-column elementor-col-100 elementor-top-column elementor-element elementor-element-cdd65a8\" data-id=\"cdd65a8\" data-element_type=\"column\">\n\t\t\t<div class=\"elementor-widget-wrap\">\n\t\t\t\t\t\t\t<\/div>\n\t\t<\/div>\n\t\t\t\t\t<\/div>\n\t\t<\/section>\n\t\t\t\t<section class=\"elementor-section elementor-top-section elementor-element elementor-element-5327700 elementor-section-boxed elementor-section-height-default elementor-section-height-default\" data-id=\"5327700\" data-element_type=\"section\">\n\t\t\t\t\t\t<div class=\"elementor-container elementor-column-gap-default\">\n\t\t\t\t\t<div class=\"elementor-column elementor-col-100 elementor-top-column elementor-element elementor-element-6e89be6\" data-id=\"6e89be6\" data-element_type=\"column\">\n\t\t\t<div class=\"elementor-widget-wrap elementor-element-populated\">\n\t\t\t\t\t\t<div class=\"elementor-element elementor-element-0b2ee94 elementor-widget elementor-widget-spacer\" data-id=\"0b2ee94\" data-element_type=\"widget\" data-widget_type=\"spacer.default\">\n\t\t\t\t<div class=\"elementor-widget-container\">\n\t\t\t\t\t\t\t<div class=\"elementor-spacer\">\n\t\t\t<div class=\"elementor-spacer-inner\"><\/div>\n\t\t<\/div>\n\t\t\t\t\t\t<\/div>\n\t\t\t\t<\/div>\n\t\t\t\t<div class=\"elementor-element elementor-element-08d9b8d elementor-widget elementor-widget-heading\" data-id=\"08d9b8d\" data-element_type=\"widget\" data-widget_type=\"heading.default\">\n\t\t\t\t<div class=\"elementor-widget-container\">\n\t\t\t\t\t<h2 class=\"elementor-heading-title elementor-size-default\">Nuestros Planes Nutricionales<\/h2>\t\t\t\t<\/div>\n\t\t\t\t<\/div>\n\t\t\t\t\t<\/div>\n\t\t<\/div>\n\t\t\t\t\t<\/div>\n\t\t<\/section>\n\t\t\t\t<section class=\"elementor-section elementor-inner-section elementor-element elementor-element-b2c2c2f elementor-section-boxed elementor-section-height-default elementor-section-height-default\" data-id=\"b2c2c2f\" data-element_type=\"section\">\n\t\t\t\t\t\t<div class=\"elementor-container elementor-column-gap-no\">\n\t\t\t\t\t<div class=\"elementor-column elementor-col-33 elementor-inner-column elementor-element elementor-element-26aedeba\" data-id=\"26aedeba\" data-element_type=\"column\">\n\t\t\t<div class=\"elementor-widget-wrap elementor-element-populated\">\n\t\t\t\t\t\t<div class=\"elementor-element elementor-element-58b6b418 elementor-align-justify elementor-mobile-align-justify elementor-widget elementor-widget-button\" data-id=\"58b6b418\" data-element_type=\"widget\" data-widget_type=\"button.default\">\n\t\t\t\t<div class=\"elementor-widget-container\">\n\t\t\t\t\t\t\t\t\t<div class=\"elementor-button-wrapper\">\n\t\t\t\t\t<a class=\"elementor-button elementor-button-link elementor-size-xs\" href=\"https:\/\/lsmedicalspainstitute.com\/es\/our-online-appointments\/\">\n\t\t\t\t\t\t<span class=\"elementor-button-content-wrapper\">\n\t\t\t\t\t\t\t\t\t<span class=\"elementor-button-text\">Plan basico<\/span>\n\t\t\t\t\t<\/span>\n\t\t\t\t\t<\/a>\n\t\t\t\t<\/div>\n\t\t\t\t\t\t\t\t<\/div>\n\t\t\t\t<\/div>\n\t\t\t\t\t<\/div>\n\t\t<\/div>\n\t\t\t\t<div class=\"elementor-column elementor-col-33 elementor-inner-column elementor-element elementor-element-1168d59e\" data-id=\"1168d59e\" data-element_type=\"column\">\n\t\t\t<div class=\"elementor-widget-wrap elementor-element-populated\">\n\t\t\t\t\t\t<div class=\"elementor-element elementor-element-7c5f3217 elementor-align-justify elementor-mobile-align-justify elementor-widget elementor-widget-button\" data-id=\"7c5f3217\" data-element_type=\"widget\" data-widget_type=\"button.default\">\n\t\t\t\t<div class=\"elementor-widget-container\">\n\t\t\t\t\t\t\t\t\t<div class=\"elementor-button-wrapper\">\n\t\t\t\t\t<a class=\"elementor-button elementor-button-link elementor-size-xs\" href=\"https:\/\/lsmedicalspainstitute.com\/es\/our-online-appointments-2\/\">\n\t\t\t\t\t\t<span class=\"elementor-button-content-wrapper\">\n\t\t\t\t\t\t\t\t\t<span class=\"elementor-button-text\">Plan plus<\/span>\n\t\t\t\t\t<\/span>\n\t\t\t\t\t<\/a>\n\t\t\t\t<\/div>\n\t\t\t\t\t\t\t\t<\/div>\n\t\t\t\t<\/div>\n\t\t\t\t\t<\/div>\n\t\t<\/div>\n\t\t\t\t<div class=\"elementor-column elementor-col-33 elementor-inner-column elementor-element elementor-element-c3f0768\" data-id=\"c3f0768\" data-element_type=\"column\">\n\t\t\t<div class=\"elementor-widget-wrap elementor-element-populated\">\n\t\t\t\t\t\t<div class=\"elementor-element elementor-element-53b33103 elementor-align-justify elementor-mobile-align-justify elementor-widget elementor-widget-button\" data-id=\"53b33103\" data-element_type=\"widget\" data-widget_type=\"button.default\">\n\t\t\t\t<div class=\"elementor-widget-container\">\n\t\t\t\t\t\t\t\t\t<div class=\"elementor-button-wrapper\">\n\t\t\t\t\t<a class=\"elementor-button elementor-button-link elementor-size-xs\" href=\"https:\/\/lsmedicalspainstitute.com\/es\/our-online-appointments-3\/\">\n\t\t\t\t\t\t<span class=\"elementor-button-content-wrapper\">\n\t\t\t\t\t\t\t\t\t<span class=\"elementor-button-text\">Plan premium<\/span>\n\t\t\t\t\t<\/span>\n\t\t\t\t\t<\/a>\n\t\t\t\t<\/div>\n\t\t\t\t\t\t\t\t<\/div>\n\t\t\t\t<\/div>\n\t\t\t\t\t<\/div>\n\t\t<\/div>\n\t\t\t\t\t<\/div>\n\t\t<\/section>\n\t\t\t\t<section class=\"elementor-section elementor-top-section elementor-element elementor-element-0a42898 elementor-section-boxed elementor-section-height-default elementor-section-height-default\" data-id=\"0a42898\" data-element_type=\"section\">\n\t\t\t\t\t\t<div class=\"elementor-container elementor-column-gap-default\">\n\t\t\t\t\t<div class=\"elementor-column elementor-col-100 elementor-top-column elementor-element elementor-element-b753242\" data-id=\"b753242\" data-element_type=\"column\">\n\t\t\t<div class=\"elementor-widget-wrap elementor-element-populated\">\n\t\t\t\t\t\t<div class=\"elementor-element elementor-element-9e6d95a elementor-widget-divider--view-line elementor-widget elementor-widget-divider\" data-id=\"9e6d95a\" data-element_type=\"widget\" data-widget_type=\"divider.default\">\n\t\t\t\t<div class=\"elementor-widget-container\">\n\t\t\t\t\t\t\t<div class=\"elementor-divider\">\n\t\t\t<span class=\"elementor-divider-separator\">\n\t\t\t\t\t\t<\/span>\n\t\t<\/div>\n\t\t\t\t\t\t<\/div>\n\t\t\t\t<\/div>\n\t\t\t\t<div class=\"elementor-element elementor-element-e7f4166 elementor-widget elementor-widget-text-editor\" data-id=\"e7f4166\" data-element_type=\"widget\" data-widget_type=\"text-editor.default\">\n\t\t\t\t<div class=\"elementor-widget-container\">\n\t\t\t\t\t\t\t\t\t<div id=\"block-21a08f06fd6d0ac4cec3\" class=\"sqs-block code-block sqs-block-code\" data-block-type=\"23\"><div class=\"sqs-block-content\"><div id=\"block-8071826fb13e85569d10\" class=\"sqs-block code-block sqs-block-code\" data-block-type=\"23\"><div class=\"sqs-block-content\"><h1>PLAN PREMIUM<\/h1><\/div><\/div><\/div><\/div>\t\t\t\t\t\t\t\t<\/div>\n\t\t\t\t<\/div>\n\t\t\t\t<div class=\"elementor-element elementor-element-f87856b elementor-widget elementor-widget-heading\" data-id=\"f87856b\" data-element_type=\"widget\" data-widget_type=\"heading.default\">\n\t\t\t\t<div class=\"elementor-widget-container\">\n\t\t\t\t\t<h2 class=\"elementor-heading-title elementor-size-default\">NUESTRA CITA PERSONALIZADA<\/h2>\t\t\t\t<\/div>\n\t\t\t\t<\/div>\n\t\t\t\t<div class=\"elementor-element elementor-element-51d2d86 elementor-widget elementor-widget-text-editor\" data-id=\"51d2d86\" data-element_type=\"widget\" data-widget_type=\"text-editor.default\">\n\t\t\t\t<div class=\"elementor-widget-container\">\n\t\t\t\t\t\t\t\t\t<div id=\"block-c4fd3cba9ace792d9e5f\" class=\"sqs-block code-block sqs-block-code\" data-block-type=\"23\">\n<div class=\"sqs-block-content\">&nbsp;<\/div>\n<\/div>\n<div data-block-type=\"47\"><b>**Duraci\u00f3n del plan: 3 MESES,<br>TOTAL: 13 consultas (citas entre 7-9 d\u00edas)<\/b><\/div>\n<div data-block-type=\"47\"><u>INCLUYE:<\/u><br><b>\u2022 UNA (1) evaluaci\u00f3n nutricional presencial&nbsp;<\/b>por videollamada (Zoom, FaceTime, WhatsApp) con una duraci\u00f3n de UNA (1) HORA, donde hablaremos sobre tus objetivos y necesidades particulares, para luego brindarte toda la informaci\u00f3n necesaria que te ayudar\u00e1 a cambiar tus h\u00e1bitos alimenticios de forma permanente.<\/div>\n<div data-block-type=\"47\"><b>\u2022 TWELVE (12) successive controls,<\/b>&nbsp;la cual se realizar\u00e1 entre 7-9 d\u00edas entre cada cita, tambi\u00e9n a trav\u00e9s de una videollamada y con una duraci\u00f3n de TREINTA MINUTOS (30 min) donde estaremos evaluando tu evoluci\u00f3n y realizando los cambios necesarios en el plan de alimentaci\u00f3n para lograr lo planteado objetivo.<\/div>\n<div data-block-type=\"47\"><b>\u2022 En cada consulta te enviaremos un Plan de Alimentaci\u00f3n para siete d\u00edas&nbsp;<\/b>(lunes a domingo) con todas las comidas detalladas, porciones y recetas si es necesario. Todo 100% adaptado a tus gustos, preferencias, necesidades, y si tienes alguna patolog\u00eda de base (por ejemplo: diabetes, hipertensi\u00f3n).<\/div>\n<div data-block-type=\"47\"><b>\u2022 Consultas directas v\u00eda WhatsApp&nbsp;<\/b>con un nutricionista del equipo de LS Medical Spa &amp; Institute.<\/div>\n<div data-block-type=\"47\"><b>\u2022 Material educativo y\/o de apoyo:<\/b><br>\u2013 Manual de c\u00f3mo elegir productos en el supermercado, las caracter\u00edsticas ideales y mis productos favoritos.<br>\u2013 Manual sobre c\u00f3mo aprender a leer las etiquetas nutricionales y as\u00ed saber reconocer los mejores productos.<br>\u2013 Listado de suced\u00e1neos de alimentos, para reconocer los alimentos por grupos y conseguir una mayor variabilidad en tu men\u00fa.<br>\u2013 Un recetario de t\u00e9s e infusiones.<br>&#8211; Educational Videos.<\/div>\n<div data-block-type=\"47\"><b>NOTA:<\/b><br>Esta&nbsp;<b>PROBADO CIENT\u00cdFICAMENTE&nbsp;<\/b>que un cambio en el comportamiento toma&nbsp;<b>21 d\u00edas.<\/b>&nbsp;Por eso siempre recomiendo mi&nbsp;<b>PLAN PREMIUM&nbsp;<\/b>a todos mis pacientes. De hecho, los resultados m\u00e1s impresionantes y duraderos que he visto son de pacientes que han estado con mi programa de entrenamiento durante al menos 3 meses.<\/div>\t\t\t\t\t\t\t\t<\/div>\n\t\t\t\t<\/div>\n\t\t\t\t<div class=\"elementor-element elementor-element-0665bc0 elementor-align-justify elementor-widget elementor-widget-button\" data-id=\"0665bc0\" data-element_type=\"widget\" data-widget_type=\"button.default\">\n\t\t\t\t<div class=\"elementor-widget-container\">\n\t\t\t\t\t\t\t\t\t<div class=\"elementor-button-wrapper\">\n\t\t\t\t\t<a class=\"elementor-button elementor-button-link elementor-size-sm\" href=\"https:\/\/api.whatsapp.com\/send\/?phone=14078444138&#038;text&#038;type=phone_number&#038;app_absent=0\">\n\t\t\t\t\t\t<span class=\"elementor-button-content-wrapper\">\n\t\t\t\t\t\t<span class=\"elementor-button-icon\">\n\t\t\t\t<i aria-hidden=\"true\" class=\"far fa-calendar-alt\"><\/i>\t\t\t<\/span>\n\t\t\t\t\t\t\t\t\t<span class=\"elementor-button-text\">Agenda ahora<\/span>\n\t\t\t\t\t<\/span>\n\t\t\t\t\t<\/a>\n\t\t\t\t<\/div>\n\t\t\t\t\t\t\t\t<\/div>\n\t\t\t\t<\/div>\n\t\t\t\t<div class=\"elementor-element elementor-element-392b15a elementor-widget elementor-widget-spacer\" data-id=\"392b15a\" data-element_type=\"widget\" data-widget_type=\"spacer.default\">\n\t\t\t\t<div class=\"elementor-widget-container\">\n\t\t\t\t\t\t\t<div class=\"elementor-spacer\">\n\t\t\t<div class=\"elementor-spacer-inner\"><\/div>\n\t\t<\/div>\n\t\t\t\t\t\t<\/div>\n\t\t\t\t<\/div>\n\t\t\t\t\t<\/div>\n\t\t<\/div>\n\t\t\t\t\t<\/div>\n\t\t<\/section>\n\t\t\t\t<\/div>","protected":false},"excerpt":{"rendered":"<p>Our Nutrition Plans Basic Plan Plus Plan Premium Plan PLAN PREMIUM Service Description &nbsp; **Duration of the plan: 3 MONTHS,TOTAL: 13 consultations (appointments between 7-9 days) INCLUDES:\u2022 ONE (1) face-to-face nutritional evaluation&nbsp;by video call (Zoom, FaceTime, WhatsApp) with a duration of ONE (1) HOUR, where we will talk about your objectives and particular needs, to &hellip;<\/p>\n<p class=\"read-more\"> <a class=\"\" href=\"https:\/\/lsmedicalspainstitute.com\/es\/our-online-appointments-3\/\"> <span class=\"screen-reader-text\">PLAN PREMIUM<\/span> Leer m\u00e1s &raquo;<\/a><\/p>","protected":false},"author":1,"featured_media":0,"parent":0,"menu_order":0,"comment_status":"closed","ping_status":"closed","template":"","meta":{"site-sidebar-layout":"no-sidebar","site-content-layout":"page-builder","ast-global-header-display":"","ast-main-header-display":"","ast-hfb-above-header-display":"","ast-hfb-below-header-display":"","ast-hfb-mobile-header-display":"","site-post-title":"disabled","ast-breadcrumbs-content":"","ast-featured-img":"disabled","footer-sml-layout":"","theme-transparent-header-meta":"","adv-header-id-meta":"","stick-header-meta":"","header-above-stick-meta":"","header-main-stick-meta":"","header-below-stick-meta":"","footnotes":""},"class_list":["post-570","page","type-page","status-publish","hentry"],"_links":{"self":[{"href":"https:\/\/lsmedicalspainstitute.com\/es\/wp-json\/wp\/v2\/pages\/570"}],"collection":[{"href":"https:\/\/lsmedicalspainstitute.com\/es\/wp-json\/wp\/v2\/pages"}],"about":[{"href":"https:\/\/lsmedicalspainstitute.com\/es\/wp-json\/wp\/v2\/types\/page"}],"author":[{"embeddable":true,"href":"https:\/\/lsmedicalspainstitute.com\/es\/wp-json\/wp\/v2\/users\/1"}],"replies":[{"embeddable":true,"href":"https:\/\/lsmedicalspainstitute.com\/es\/wp-json\/wp\/v2\/comments?post=570"}],"version-history":[{"count":37,"href":"https:\/\/lsmedicalspainstitute.com\/es\/wp-json\/wp\/v2\/pages\/570\/revisions"}],"predecessor-version":[{"id":2229,"href":"https:\/\/lsmedicalspainstitute.com\/es\/wp-json\/wp\/v2\/pages\/570\/revisions\/2229"}],"wp:attachment":[{"href":"https:\/\/lsmedicalspainstitute.com\/es\/wp-json\/wp\/v2\/media?parent=570"}],"curies":[{"name":"wp","href":"https:\/\/api.w.org\/{rel}","templated":true}]}}